{"id":85,"date":"2012-01-28T19:36:32","date_gmt":"2012-01-28T19:36:32","guid":{"rendered":"http:\/\/www.lifecards.com.br\/?page_id=85"},"modified":"2017-01-30T17:49:17","modified_gmt":"2017-01-30T17:49:17","slug":"life-card-premium","status":"publish","type":"page","link":"https:\/\/www.lifecards.com.br\/?page_id=85","title":{"rendered":"Life Card Premium"},"content":{"rendered":"<p><img loading=\"lazy\" decoding=\"async\" class=\"alignnone size-full wp-image-307\" alt=\"img_inter_13\" src=\"http:\/\/www.lifecards.com.br\/wp-content\/uploads\/2012\/02\/img_inter_13.jpg\" width=\"600\" height=\"200\" srcset=\"https:\/\/www.lifecards.com.br\/wp-content\/uploads\/2012\/02\/img_inter_13.jpg 600w, https:\/\/www.lifecards.com.br\/wp-content\/uploads\/2012\/02\/img_inter_13-300x100.jpg 300w\" sizes=\"(max-width: 600px) 100vw, 600px\" \/> O <strong>Life Card Premium\u00a0<\/strong>\u00e9 uma forma diferenciada de premiar a excel\u00eancia profissional de sua equipe. O colaborador tem liberdade para comprar em ampla rede credenciada e gastar, da melhor forma, os cr\u00e9ditos disponibilizados em seu Premium. Os valores ficam armazenados em cart\u00e3o magn\u00e9tico, utilizado atrav\u00e9s de senha pessoal, o que garante total seguran\u00e7a. O sistema tamb\u00e9m permite gerenciar Programas de Participa\u00e7\u00e3o de Resultados.<\/p>\n<p><strong>Vantagens para a empresa<\/strong><br \/>\n\u2022 Reduz os custos e o tempo de gerenciamento de programas de incentivos e recompensas.<br \/>\n\u2022 Aperfei\u00e7oa e simplifica relat\u00f3rios sobre impostos e registro de incentivos oferecidos.<br \/>\n\u2022 Motiva e valoriza o desempenho profissional, estimulando os colaboradores para alcan\u00e7ar melhores resultados.<br \/>\n\u2022 Possibilita recompensar tamb\u00e9m\u00a0 parceiros, distribuidores e franqueados.<br \/>\n\u2022 Os valores s\u00e3o cumulativos e carregados no cart\u00e3o de forma on line.<\/p>\n<p><strong>Vantagens para o usu\u00e1rio<\/strong><br \/>\n\u2022 Solu\u00e7\u00e3o personalizada de recompensa, que possibilita ao usu\u00e1rio decidir onde e quando utilizar a premia\u00e7\u00e3o, com a vantagem de possuir valores cumulativos.<br \/>\n\u2022 Total seguran\u00e7a em caso de extravio ou roubo do Cart\u00e3o.<br \/>\n\u2022 Ampla Rede Credenciada com m\u00faltiplas op\u00e7\u00f5es de compra e servi\u00e7os.<\/p>\n","protected":false},"excerpt":{"rendered":"<p>O Life Card Premium\u00a0\u00e9 uma forma diferenciada de premiar a excel\u00eancia profissional de sua equipe. O colaborador tem liberdade para comprar em ampla rede credenciada e gastar, da melhor forma, os cr\u00e9ditos disponibilizados em seu Premium. Os valores ficam armazenados &hellip; <a href=\"https:\/\/www.lifecards.com.br\/?page_id=85\">Continue lendo <span class=\"meta-nav\">&rarr;<\/span><\/a><\/p>\n","protected":false},"author":1,"featured_media":0,"parent":0,"menu_order":0,"comment_status":"closed","ping_status":"open","template":"","meta":{"footnotes":""},"_links":{"self":[{"href":"https:\/\/www.lifecards.com.br\/index.php?rest_route=\/wp\/v2\/pages\/85"}],"collection":[{"href":"https:\/\/www.lifecards.com.br\/index.php?rest_route=\/wp\/v2\/pages"}],"about":[{"href":"https:\/\/www.lifecards.com.br\/index.php?rest_route=\/wp\/v2\/types\/page"}],"author":[{"embeddable":true,"href":"https:\/\/www.lifecards.com.br\/index.php?rest_route=\/wp\/v2\/users\/1"}],"replies":[{"embeddable":true,"href":"https:\/\/www.lifecards.com.br\/index.php?rest_route=%2Fwp%2Fv2%2Fcomments&post=85"}],"version-history":[{"count":14,"href":"https:\/\/www.lifecards.com.br\/index.php?rest_route=\/wp\/v2\/pages\/85\/revisions"}],"predecessor-version":[{"id":459,"href":"https:\/\/www.lifecards.com.br\/index.php?rest_route=\/wp\/v2\/pages\/85\/revisions\/459"}],"wp:attachment":[{"href":"https:\/\/www.lifecards.com.br\/index.php?rest_route=%2Fwp%2Fv2%2Fmedia&parent=85"}],"curies":[{"name":"wp","href":"https:\/\/api.w.org\/{rel}","templated":true}]}}