{"id":79,"date":"2012-01-28T19:32:36","date_gmt":"2012-01-28T19:32:36","guid":{"rendered":"http:\/\/www.lifecards.com.br\/?page_id=79"},"modified":"2017-01-30T17:48:31","modified_gmt":"2017-01-30T17:48:31","slug":"life-card-refeicao-2","status":"publish","type":"page","link":"https:\/\/www.lifecards.com.br\/?page_id=79","title":{"rendered":"Life Card Refei\u00e7\u00e3o"},"content":{"rendered":"<p><img loading=\"lazy\" decoding=\"async\" class=\"alignnone size-full wp-image-305\" alt=\"img_inter_11\" src=\"http:\/\/www.lifecards.com.br\/wp-content\/uploads\/2012\/02\/img_inter_11.jpg\" width=\"600\" height=\"200\" srcset=\"https:\/\/www.lifecards.com.br\/wp-content\/uploads\/2012\/02\/img_inter_11.jpg 600w, https:\/\/www.lifecards.com.br\/wp-content\/uploads\/2012\/02\/img_inter_11-300x100.jpg 300w\" sizes=\"(max-width: 600px) 100vw, 600px\" \/> O <strong>Life Card Refei\u00e7\u00e3o<\/strong>\u00a0garante maior qualidade de vida e bem-estar para os colaboradores de sua empresa \u00a0que disp\u00f5em de maior diversidade de restaurantes e lanchonetes para fazer suas refei\u00e7\u00f5es. O Life Card Refei\u00e7\u00e3o permite realizar refei\u00e7\u00f5es balanceadas e mais saud\u00e1veis, de forma pr\u00e1tica e segura. Com isso, sua empresa ter\u00e1 uma equipe mais motivada e produtiva.<\/p>\n<p><strong>Vantagens<\/strong><br \/>\n\u2022\u00a0\u00a0\u00a0 A recarga \u00e9 feita de forma on line o que facilita a log\u00edstica para a empresa e colaborador. \u2022\u00a0\u00a0\u00a0 O usu\u00e1rio paga o valor exato da refei\u00e7\u00e3o de maneira pr\u00e1tica e segura.<br \/>\n\u2022\u00a0\u00a0\u00a0 A Rede credenciada oferece op\u00e7\u00f5es variadas de restaurantes e lanchonetes.<br \/>\n\u2022\u00a0\u00a0\u00a0 As transa\u00e7\u00f5es utilizam senha individual, o que garante total seguran\u00e7a ao usu\u00e1rio.<br \/>\n\u2022\u00a0\u00a0\u00a0 Em caso de perda ou roubo, o usu\u00e1rio poder\u00e1 solicitar o bloqueio imediato do cart\u00e3o.<\/p>\n","protected":false},"excerpt":{"rendered":"<p>O Life Card Refei\u00e7\u00e3o\u00a0garante maior qualidade de vida e bem-estar para os colaboradores de sua empresa \u00a0que disp\u00f5em de maior diversidade de restaurantes e lanchonetes para fazer suas refei\u00e7\u00f5es. O Life Card Refei\u00e7\u00e3o permite realizar refei\u00e7\u00f5es balanceadas e mais saud\u00e1veis, &hellip; <a href=\"https:\/\/www.lifecards.com.br\/?page_id=79\">Continue lendo <span class=\"meta-nav\">&rarr;<\/span><\/a><\/p>\n","protected":false},"author":1,"featured_media":0,"parent":0,"menu_order":0,"comment_status":"closed","ping_status":"open","template":"","meta":{"footnotes":""},"_links":{"self":[{"href":"https:\/\/www.lifecards.com.br\/index.php?rest_route=\/wp\/v2\/pages\/79"}],"collection":[{"href":"https:\/\/www.lifecards.com.br\/index.php?rest_route=\/wp\/v2\/pages"}],"about":[{"href":"https:\/\/www.lifecards.com.br\/index.php?rest_route=\/wp\/v2\/types\/page"}],"author":[{"embeddable":true,"href":"https:\/\/www.lifecards.com.br\/index.php?rest_route=\/wp\/v2\/users\/1"}],"replies":[{"embeddable":true,"href":"https:\/\/www.lifecards.com.br\/index.php?rest_route=%2Fwp%2Fv2%2Fcomments&post=79"}],"version-history":[{"count":15,"href":"https:\/\/www.lifecards.com.br\/index.php?rest_route=\/wp\/v2\/pages\/79\/revisions"}],"predecessor-version":[{"id":458,"href":"https:\/\/www.lifecards.com.br\/index.php?rest_route=\/wp\/v2\/pages\/79\/revisions\/458"}],"wp:attachment":[{"href":"https:\/\/www.lifecards.com.br\/index.php?rest_route=%2Fwp%2Fv2%2Fmedia&parent=79"}],"curies":[{"name":"wp","href":"https:\/\/api.w.org\/{rel}","templated":true}]}}