{"id":72,"date":"2012-01-28T17:31:21","date_gmt":"2012-01-28T17:31:21","guid":{"rendered":"http:\/\/www.lifecards.com.br\/?page_id=72"},"modified":"2017-01-30T17:47:42","modified_gmt":"2017-01-30T17:47:42","slug":"life-card-alimentacao-2","status":"publish","type":"page","link":"https:\/\/www.lifecards.com.br\/?page_id=72","title":{"rendered":"Life Card Alimenta\u00e7\u00e3o"},"content":{"rendered":"<p><img loading=\"lazy\" decoding=\"async\" class=\"alignnone size-full wp-image-303\" alt=\"img_inter_02\" src=\"http:\/\/www.lifecards.com.br\/wp-content\/uploads\/2012\/02\/img_inter_02.jpg\" width=\"600\" height=\"200\" srcset=\"https:\/\/www.lifecards.com.br\/wp-content\/uploads\/2012\/02\/img_inter_02.jpg 600w, https:\/\/www.lifecards.com.br\/wp-content\/uploads\/2012\/02\/img_inter_02-300x100.jpg 300w\" sizes=\"(max-width: 600px) 100vw, 600px\" \/> O <strong>Life Card Alimenta\u00e7\u00e3o <\/strong>oferece praticidade e seguran\u00e7a na hora de comprar alimentos em supermercados, padarias, a\u00e7ougues e mercearias. Considerado uma inova\u00e7\u00e3o, possibilita\u00a0reduzir custos operacionais pela moderniza\u00e7\u00e3o do processo, valorizando o compromisso social da empresa. O Cart\u00e3o est\u00e1 amparado pelo Programa de Alimenta\u00e7\u00e3o do Trabalhador \u2013 PAT e permite deduzir o valor do benef\u00edcio alimenta\u00e7\u00e3o em at\u00e9 4% do Imposto de Renda.<\/p>\n<p><strong>Vantagens para a empresa<br \/>\n<\/strong> \u2022 Redu\u00e7\u00e3o de custos administrativos e operacionais pela moderniza\u00e7\u00e3o do processo de gest\u00e3o do benef\u00edcio alimenta\u00e7\u00e3o, eliminando a distribui\u00e7\u00e3o de Cestas.<br \/>\n\u2022 Valoriza\u00e7\u00e3o do compromisso social na atividade alimenta\u00e7\u00e3o.<br \/>\n\u2022 Dedu\u00e7\u00e3o de IR por fornecer alimenta\u00e7\u00e3o de primeira necessidade, aos colaboradores.<br \/>\n\u2022 Sem incid\u00eancia de encargos sociais sobre o valor concedido, pois o cart\u00e3o est\u00e1 amparado pelo Programa de Alimenta\u00e7\u00e3o ao Trabalhador (PAT).<br \/>\n\u2022 Agilidade na libera\u00e7\u00e3o dos valores, melhoria da produtividade e redu\u00e7\u00e3o das faltas ao trabalho.<\/p>\n<p><strong>Vantagens para o usu\u00e1rio<br \/>\n<\/strong> \u2022 Ampla rede de estabelecimentos estrategicamente localizados, com grande variedade de hipermercados, mercados e padarias.<br \/>\n\u2022 Seguran\u00e7a nas transa\u00e7\u00f5es realizadas mediante a senha individual do benefici\u00e1rio.<br \/>\n\u2022 Reposi\u00e7\u00e3o imediata do cart\u00e3o extraviado ou roubado. O usu\u00e1rio n\u00e3o perde o benef\u00edcio e a reposi\u00e7\u00e3o \u00e9 feita com o cr\u00e9dito dispon\u00edvel.<br \/>\n\u2022 Consulta de saldo e extrato facilitada, atrav\u00e9s do site www.lifecards.com.br , permitindo\u00a0 maior controle financeiro.<\/p>\n","protected":false},"excerpt":{"rendered":"<p>O Life Card Alimenta\u00e7\u00e3o oferece praticidade e seguran\u00e7a na hora de comprar alimentos em supermercados, padarias, a\u00e7ougues e mercearias. Considerado uma inova\u00e7\u00e3o, possibilita\u00a0reduzir custos operacionais pela moderniza\u00e7\u00e3o do processo, valorizando o compromisso social da empresa. O Cart\u00e3o est\u00e1 amparado pelo &hellip; <a href=\"https:\/\/www.lifecards.com.br\/?page_id=72\">Continue lendo <span class=\"meta-nav\">&rarr;<\/span><\/a><\/p>\n","protected":false},"author":1,"featured_media":0,"parent":0,"menu_order":0,"comment_status":"closed","ping_status":"open","template":"","meta":{"footnotes":""},"_links":{"self":[{"href":"https:\/\/www.lifecards.com.br\/index.php?rest_route=\/wp\/v2\/pages\/72"}],"collection":[{"href":"https:\/\/www.lifecards.com.br\/index.php?rest_route=\/wp\/v2\/pages"}],"about":[{"href":"https:\/\/www.lifecards.com.br\/index.php?rest_route=\/wp\/v2\/types\/page"}],"author":[{"embeddable":true,"href":"https:\/\/www.lifecards.com.br\/index.php?rest_route=\/wp\/v2\/users\/1"}],"replies":[{"embeddable":true,"href":"https:\/\/www.lifecards.com.br\/index.php?rest_route=%2Fwp%2Fv2%2Fcomments&post=72"}],"version-history":[{"count":16,"href":"https:\/\/www.lifecards.com.br\/index.php?rest_route=\/wp\/v2\/pages\/72\/revisions"}],"predecessor-version":[{"id":457,"href":"https:\/\/www.lifecards.com.br\/index.php?rest_route=\/wp\/v2\/pages\/72\/revisions\/457"}],"wp:attachment":[{"href":"https:\/\/www.lifecards.com.br\/index.php?rest_route=%2Fwp%2Fv2%2Fmedia&parent=72"}],"curies":[{"name":"wp","href":"https:\/\/api.w.org\/{rel}","templated":true}]}}