{"id":475,"date":"2017-03-07T14:28:54","date_gmt":"2017-03-07T14:28:54","guid":{"rendered":"http:\/\/www.lifecards.com.br\/?page_id=475"},"modified":"2017-03-08T14:26:40","modified_gmt":"2017-03-08T14:26:40","slug":"life-card-plusfrota","status":"publish","type":"page","link":"https:\/\/www.lifecards.com.br\/?page_id=475","title":{"rendered":"Life Card PlusFrota"},"content":{"rendered":"<p><img loading=\"lazy\" decoding=\"async\" src=\"http:\/\/www.lifecards.com.br\/wp-content\/uploads\/2017\/03\/img_inter_013.jpg\" alt=\"img_inter_013\" width=\"600\" height=\"200\" class=\"alignnone size-full wp-image-484\" srcset=\"https:\/\/www.lifecards.com.br\/wp-content\/uploads\/2017\/03\/img_inter_013.jpg 600w, https:\/\/www.lifecards.com.br\/wp-content\/uploads\/2017\/03\/img_inter_013-300x100.jpg 300w\" sizes=\"(max-width: 600px) 100vw, 600px\" \/><\/p>\n<p>O PlusFrota facilita e moderniza a gest\u00e3o da frota de sua empresa, gerando mais economia para o gestor. Apresenta sistema pr\u00f3prio de Gest\u00e3o de Abastecimento que, em tempo real, controla as despesas com abastecimento e a performance dos ve\u00edculos, possibilitando acompanhamento absoluto das opera\u00e7\u00f5es da frota da empresa.<\/p>\n<p><strong>Vantagens para o gestor<\/strong><br \/>\n&#8211; Monitoramento da frota online.<br \/>\n&#8211; Maior controle de gastos com abastecimento e servi\u00e7os de manuten\u00e7\u00e3o.<br \/>\n&#8211; Possibilidade de redu\u00e7\u00e3o de custos em at\u00e9 10%.<br \/>\n&#8211; An\u00e1lise de indicadores de desempenho da frota por ve\u00edculo e condutor.<br \/>\n&#8211; Servi\u00e7os de manuten\u00e7\u00e3o operacional da frota, programados pela empresa.<br \/>\n&#8211; Redu\u00e7\u00e3o de processos e controles manuais.<\/p>\n<p><strong>Benef\u00edcios para o condutor<\/strong><br \/>\n&#8211; Seguran\u00e7a total atrav\u00e9s de bloqueio do cart\u00e3o em caso de perda ou roubo.<br \/>\n&#8211; Ampla rede credenciada nas principais Regi\u00f5es do Pa\u00eds.<br \/>\n&#8211; Extrato e saldo em tempo real.<br \/>\n&#8211; Agilidade e praticidade na hora de abastecer.<\/p>\n","protected":false},"excerpt":{"rendered":"<p>O PlusFrota facilita e moderniza a gest\u00e3o da frota de sua empresa, gerando mais economia para o gestor. Apresenta sistema pr\u00f3prio de Gest\u00e3o de Abastecimento que, em tempo real, controla as despesas com abastecimento e a performance dos ve\u00edculos, possibilitando &hellip; <a href=\"https:\/\/www.lifecards.com.br\/?page_id=475\">Continue lendo <span class=\"meta-nav\">&rarr;<\/span><\/a><\/p>\n","protected":false},"author":1,"featured_media":0,"parent":0,"menu_order":0,"comment_status":"closed","ping_status":"open","template":"","meta":{"footnotes":""},"_links":{"self":[{"href":"https:\/\/www.lifecards.com.br\/index.php?rest_route=\/wp\/v2\/pages\/475"}],"collection":[{"href":"https:\/\/www.lifecards.com.br\/index.php?rest_route=\/wp\/v2\/pages"}],"about":[{"href":"https:\/\/www.lifecards.com.br\/index.php?rest_route=\/wp\/v2\/types\/page"}],"author":[{"embeddable":true,"href":"https:\/\/www.lifecards.com.br\/index.php?rest_route=\/wp\/v2\/users\/1"}],"replies":[{"embeddable":true,"href":"https:\/\/www.lifecards.com.br\/index.php?rest_route=%2Fwp%2Fv2%2Fcomments&post=475"}],"version-history":[{"count":3,"href":"https:\/\/www.lifecards.com.br\/index.php?rest_route=\/wp\/v2\/pages\/475\/revisions"}],"predecessor-version":[{"id":485,"href":"https:\/\/www.lifecards.com.br\/index.php?rest_route=\/wp\/v2\/pages\/475\/revisions\/485"}],"wp:attachment":[{"href":"https:\/\/www.lifecards.com.br\/index.php?rest_route=%2Fwp%2Fv2%2Fmedia&parent=475"}],"curies":[{"name":"wp","href":"https:\/\/api.w.org\/{rel}","templated":true}]}}