{"id":197,"date":"2012-01-19T17:15:31","date_gmt":"2012-01-19T17:15:31","guid":{"rendered":"http:\/\/www.lifecards.com.br\/?page_id=197"},"modified":"2017-04-13T13:03:12","modified_gmt":"2017-04-13T13:03:12","slug":"home","status":"publish","type":"page","link":"https:\/\/www.lifecards.com.br\/","title":{"rendered":"home"},"content":{"rendered":"<p><span style=\"font-size: large;\"><strong>A Life Card oferece cart\u00f5es de benef\u00edcios m\u00faltiplos que facilitam o dia a dia de sua empresa.<\/strong><\/span><\/p>\n<p><img loading=\"lazy\" decoding=\"async\" src=\"http:\/\/www.lifecards.com.br\/wp-content\/uploads\/2012\/01\/img-home2.jpg\" alt=\"img-home2\" width=\"619\" height=\"173\" class=\"alignnone size-full wp-image-507\" srcset=\"https:\/\/www.lifecards.com.br\/wp-content\/uploads\/2012\/01\/img-home2.jpg 619w, https:\/\/www.lifecards.com.br\/wp-content\/uploads\/2012\/01\/img-home2-300x83.jpg 300w\" sizes=\"(max-width: 619px) 100vw, 619px\" \/><\/p>\n<p>Os produtos Life Card representam uma evolu\u00e7\u00e3o em termos de gest\u00e3o de benef\u00edcios, pois proporcionam maior qualidade de vida para voc\u00ea e toda a sua fam\u00edlia. A Life Card tem o \u00fanico cart\u00e3o do mercado que al\u00e9m de facilitar o acesso \u00e0 sa\u00fade, por meio de servi\u00e7os m\u00e9dicos e odontol\u00f3gicos com valores diferenciados, engloba a gest\u00e3o integrada de conv\u00eanios da empresa. Caracteriza-se como um cart\u00e3o m\u00faltiplo que possibilita comprar em ampla rede credenciada (farm\u00e1cias, supermercados, postos, \u00f3ticas, papelarias e lojas) com a vantagem do desconto em Folha e prazo de at\u00e9 40 dias para pagar.<\/p>\n","protected":false},"excerpt":{"rendered":"<p>A Life Card oferece cart\u00f5es de benef\u00edcios m\u00faltiplos que facilitam o dia a dia de sua empresa. Os produtos Life Card representam uma evolu\u00e7\u00e3o em termos de gest\u00e3o de benef\u00edcios, pois proporcionam maior qualidade de vida para voc\u00ea e toda &hellip; <a href=\"https:\/\/www.lifecards.com.br\/\">Continue lendo <span class=\"meta-nav\">&rarr;<\/span><\/a><\/p>\n","protected":false},"author":1,"featured_media":0,"parent":0,"menu_order":0,"comment_status":"closed","ping_status":"open","template":"home-page.php","meta":{"footnotes":""},"_links":{"self":[{"href":"https:\/\/www.lifecards.com.br\/index.php?rest_route=\/wp\/v2\/pages\/197"}],"collection":[{"href":"https:\/\/www.lifecards.com.br\/index.php?rest_route=\/wp\/v2\/pages"}],"about":[{"href":"https:\/\/www.lifecards.com.br\/index.php?rest_route=\/wp\/v2\/types\/page"}],"author":[{"embeddable":true,"href":"https:\/\/www.lifecards.com.br\/index.php?rest_route=\/wp\/v2\/users\/1"}],"replies":[{"embeddable":true,"href":"https:\/\/www.lifecards.com.br\/index.php?rest_route=%2Fwp%2Fv2%2Fcomments&post=197"}],"version-history":[{"count":10,"href":"https:\/\/www.lifecards.com.br\/index.php?rest_route=\/wp\/v2\/pages\/197\/revisions"}],"predecessor-version":[{"id":510,"href":"https:\/\/www.lifecards.com.br\/index.php?rest_route=\/wp\/v2\/pages\/197\/revisions\/510"}],"wp:attachment":[{"href":"https:\/\/www.lifecards.com.br\/index.php?rest_route=%2Fwp%2Fv2%2Fmedia&parent=197"}],"curies":[{"name":"wp","href":"https:\/\/api.w.org\/{rel}","templated":true}]}}