{"id":173,"date":"2012-01-02T16:37:02","date_gmt":"2012-01-02T16:37:02","guid":{"rendered":"http:\/\/www.lifecards.com.br\/?page_id=173"},"modified":"2017-05-03T13:49:24","modified_gmt":"2017-05-03T13:49:24","slug":"quem-somos-2","status":"publish","type":"page","link":"https:\/\/www.lifecards.com.br\/?page_id=173","title":{"rendered":"Quem Somos"},"content":{"rendered":"<p><strong>Life Card<\/strong><\/p>\n<p>Fundada em dezembro de 2007, a Life Card \u00e9 uma verdadeira evolu\u00e7\u00e3o em gest\u00e3o de benef\u00edcios empresariais, proporcionando maior qualidade de vida aos colaboradores que utilizam os cart\u00f5es de multibenef\u00edcios Life Card. <\/p>\n<p>A empresa oferece gest\u00e3o integrada de todos os conv\u00eanios, com o diferencial de facilitar acesso \u00e0 Rede Complementar \u00e0 Sa\u00fade, com valores acess\u00edveis em consultas m\u00e9dicas e exames. Os procedimentos na \u00e1rea da sa\u00fade podem ser realizados sem burocracia e com a vantagem do desconto em Folha. <\/p>\n<p>Os colaboradores  trabalham mais comprometidos com a empresa  e podem comprar em ampla rede de supermercados, farm\u00e1cias, postos, \u00f3ticas e lojas em geral, com a vantagem de pagar em at\u00e9 40 dias sem taxa de juros.<\/p>\n<p><strong>Miss\u00e3o<\/strong><br \/>\nFacilitar o acesso a multibenef\u00edcios de forma simples e eficiente para micro, pequenas e m\u00e9dias empresas.<\/p>\n<p><strong>Vis\u00e3o <\/strong><br \/>\nMelhorar a qualidade de vida dos usu\u00e1rios do Cart\u00e3o Life Card,  proporcionando mais acesso \u00e0 sa\u00fade e bem-estar.<\/p>\n<p><strong>Valores<\/strong><br \/>\n\u2022    Trabalho respons\u00e1vel, competente e \u00e9tico.<br \/>\n\u2022    Respeito ao cliente e ao colaborador.<br \/>\n\u2022    Excel\u00eancia em atendimento.<\/p>\n","protected":false},"excerpt":{"rendered":"<p>Life Card Fundada em dezembro de 2007, a Life Card \u00e9 uma verdadeira evolu\u00e7\u00e3o em gest\u00e3o de benef\u00edcios empresariais, proporcionando maior qualidade de vida aos colaboradores que utilizam os cart\u00f5es de multibenef\u00edcios Life Card. A empresa oferece gest\u00e3o integrada de &hellip; <a href=\"https:\/\/www.lifecards.com.br\/?page_id=173\">Continue lendo <span class=\"meta-nav\">&rarr;<\/span><\/a><\/p>\n","protected":false},"author":1,"featured_media":0,"parent":0,"menu_order":0,"comment_status":"closed","ping_status":"open","template":"","meta":{"footnotes":""},"_links":{"self":[{"href":"https:\/\/www.lifecards.com.br\/index.php?rest_route=\/wp\/v2\/pages\/173"}],"collection":[{"href":"https:\/\/www.lifecards.com.br\/index.php?rest_route=\/wp\/v2\/pages"}],"about":[{"href":"https:\/\/www.lifecards.com.br\/index.php?rest_route=\/wp\/v2\/types\/page"}],"author":[{"embeddable":true,"href":"https:\/\/www.lifecards.com.br\/index.php?rest_route=\/wp\/v2\/users\/1"}],"replies":[{"embeddable":true,"href":"https:\/\/www.lifecards.com.br\/index.php?rest_route=%2Fwp%2Fv2%2Fcomments&post=173"}],"version-history":[{"count":13,"href":"https:\/\/www.lifecards.com.br\/index.php?rest_route=\/wp\/v2\/pages\/173\/revisions"}],"predecessor-version":[{"id":515,"href":"https:\/\/www.lifecards.com.br\/index.php?rest_route=\/wp\/v2\/pages\/173\/revisions\/515"}],"wp:attachment":[{"href":"https:\/\/www.lifecards.com.br\/index.php?rest_route=%2Fwp%2Fv2%2Fmedia&parent=173"}],"curies":[{"name":"wp","href":"https:\/\/api.w.org\/{rel}","templated":true}]}}