{"id":167,"date":"2012-01-29T12:39:46","date_gmt":"2012-01-29T12:39:46","guid":{"rendered":"http:\/\/www.lifecards.com.br\/?page_id=167"},"modified":"2017-04-12T12:38:49","modified_gmt":"2017-04-12T12:38:49","slug":"antecipe-sua-receita","status":"publish","type":"page","link":"https:\/\/www.lifecards.com.br\/?page_id=167","title":{"rendered":"Antecipe receb\u00edveis"},"content":{"rendered":"<p>Com o objetivo de melhorar o fluxo de caixa, os estabelecimentos filiados \u00e0 Rede Credenciada (bandeira Personal Card) podem ter seus cr\u00e9ditos consolidados em recursos imediatos, antecipando receb\u00edveis com taxas compat\u00edveis com o mercado.<br \/>\nCredenciado, caso necessite antecipar seus receb\u00edveis, basta seguir os passos abaixo: <\/p>\n<p>1- Acesse o site Lifecard (www.lifecards.com.br) e no menu \u201cConsultas Life Card\u201d,  a op\u00e7\u00e3o Acesso Virtual.<br \/>\n2- Em Acesso Virtual, clique em Credenciado.<br \/>\n3- Informe em Credenciais, seu usu\u00e1rio e senha e clique em entrar.<br \/>\n4- Ao abrir o Portal On-line, clique na op\u00e7\u00e3o Antecipa\u00e7\u00e3o de Receb\u00edveis e depois em Solicitar.<br \/>\n5- \u00c9 necess\u00e1rio selecionar os t\u00edtulos que deseja antecipar. Ao selecionar um t\u00edtulo, automaticamente ser\u00e1 feita a simula\u00e7\u00e3o dos receb\u00edveis com pagamento agendado.<br \/>\n6- Ap\u00f3s a simula\u00e7\u00e3o, clique no bot\u00e3o Solicitar para fazer o pedido. Depois o sistema apresentar\u00e1 uma mensagem de confirma\u00e7\u00e3o. \u00c9 s\u00f3 confirmar.<br \/>\n7- Acompanhe sua conta banc\u00e1ria que seus receb\u00edveis ser\u00e3o depositados no prazo de 2 dias \u00fateis.<\/p>\n<p>Qualquer d\u00favida, ligue para o Setor Financeiro (48) 3251-0022.<\/p>\n","protected":false},"excerpt":{"rendered":"<p>Com o objetivo de melhorar o fluxo de caixa, os estabelecimentos filiados \u00e0 Rede Credenciada (bandeira Personal Card) podem ter seus cr\u00e9ditos consolidados em recursos imediatos, antecipando receb\u00edveis com taxas compat\u00edveis com o mercado. Credenciado, caso necessite antecipar seus receb\u00edveis, &hellip; <a href=\"https:\/\/www.lifecards.com.br\/?page_id=167\">Continue lendo <span class=\"meta-nav\">&rarr;<\/span><\/a><\/p>\n","protected":false},"author":1,"featured_media":0,"parent":156,"menu_order":0,"comment_status":"closed","ping_status":"open","template":"","meta":{"footnotes":""},"_links":{"self":[{"href":"https:\/\/www.lifecards.com.br\/index.php?rest_route=\/wp\/v2\/pages\/167"}],"collection":[{"href":"https:\/\/www.lifecards.com.br\/index.php?rest_route=\/wp\/v2\/pages"}],"about":[{"href":"https:\/\/www.lifecards.com.br\/index.php?rest_route=\/wp\/v2\/types\/page"}],"author":[{"embeddable":true,"href":"https:\/\/www.lifecards.com.br\/index.php?rest_route=\/wp\/v2\/users\/1"}],"replies":[{"embeddable":true,"href":"https:\/\/www.lifecards.com.br\/index.php?rest_route=%2Fwp%2Fv2%2Fcomments&post=167"}],"version-history":[{"count":10,"href":"https:\/\/www.lifecards.com.br\/index.php?rest_route=\/wp\/v2\/pages\/167\/revisions"}],"predecessor-version":[{"id":504,"href":"https:\/\/www.lifecards.com.br\/index.php?rest_route=\/wp\/v2\/pages\/167\/revisions\/504"}],"up":[{"embeddable":true,"href":"https:\/\/www.lifecards.com.br\/index.php?rest_route=\/wp\/v2\/pages\/156"}],"wp:attachment":[{"href":"https:\/\/www.lifecards.com.br\/index.php?rest_route=%2Fwp%2Fv2%2Fmedia&parent=167"}],"curies":[{"name":"wp","href":"https:\/\/api.w.org\/{rel}","templated":true}]}}