{"id":158,"date":"2012-01-29T12:24:06","date_gmt":"2012-01-29T12:24:06","guid":{"rendered":"http:\/\/www.lifecards.com.br\/?page_id=158"},"modified":"2017-04-12T12:37:50","modified_gmt":"2017-04-12T12:37:50","slug":"vantagens","status":"publish","type":"page","link":"https:\/\/www.lifecards.com.br\/?page_id=158","title":{"rendered":"Vantagens"},"content":{"rendered":"<p><strong>Credenciado, ao fazer parte da Rede Life Card voc\u00ea tem in\u00fameras vantagens:<\/strong><br \/>\n\u2022    Possibilidade de aumentar seu faturamento, devido ao crescimento de suas vendas.<br \/>\n\u2022    Garantia de recebimento e taxa de inadimpl\u00eancia zero.<br \/>\n\u2022    Oportunidade de fidelizar e conquistar novos clientes, pois al\u00e9m do titular utilizam o cart\u00e3o, dependentes e familiares.<br \/>\n\u2022    Total controle financeiro e em tempo real sobre o volume de vendas.<br \/>\n\u2022    Seguran\u00e7a nas transa\u00e7\u00f5es efetuadas. Todas as vendas s\u00e3o autorizadas de modo online, eliminando a possibilidade de vender para cart\u00e3o roubado.<br \/>\n\u2022    Disponibilidade de oferecer v\u00e1rios conv\u00eanios associados num \u00fanico cart\u00e3o.<\/p>\n","protected":false},"excerpt":{"rendered":"<p>Credenciado, ao fazer parte da Rede Life Card voc\u00ea tem in\u00fameras vantagens: \u2022 Possibilidade de aumentar seu faturamento, devido ao crescimento de suas vendas. \u2022 Garantia de recebimento e taxa de inadimpl\u00eancia zero. \u2022 Oportunidade de fidelizar e conquistar novos &hellip; <a href=\"https:\/\/www.lifecards.com.br\/?page_id=158\">Continue lendo <span class=\"meta-nav\">&rarr;<\/span><\/a><\/p>\n","protected":false},"author":1,"featured_media":0,"parent":156,"menu_order":0,"comment_status":"closed","ping_status":"open","template":"","meta":{"footnotes":""},"_links":{"self":[{"href":"https:\/\/www.lifecards.com.br\/index.php?rest_route=\/wp\/v2\/pages\/158"}],"collection":[{"href":"https:\/\/www.lifecards.com.br\/index.php?rest_route=\/wp\/v2\/pages"}],"about":[{"href":"https:\/\/www.lifecards.com.br\/index.php?rest_route=\/wp\/v2\/types\/page"}],"author":[{"embeddable":true,"href":"https:\/\/www.lifecards.com.br\/index.php?rest_route=\/wp\/v2\/users\/1"}],"replies":[{"embeddable":true,"href":"https:\/\/www.lifecards.com.br\/index.php?rest_route=%2Fwp%2Fv2%2Fcomments&post=158"}],"version-history":[{"count":9,"href":"https:\/\/www.lifecards.com.br\/index.php?rest_route=\/wp\/v2\/pages\/158\/revisions"}],"predecessor-version":[{"id":503,"href":"https:\/\/www.lifecards.com.br\/index.php?rest_route=\/wp\/v2\/pages\/158\/revisions\/503"}],"up":[{"embeddable":true,"href":"https:\/\/www.lifecards.com.br\/index.php?rest_route=\/wp\/v2\/pages\/156"}],"wp:attachment":[{"href":"https:\/\/www.lifecards.com.br\/index.php?rest_route=%2Fwp%2Fv2%2Fmedia&parent=158"}],"curies":[{"name":"wp","href":"https:\/\/api.w.org\/{rel}","templated":true}]}}