{"id":145,"date":"2012-01-29T12:08:08","date_gmt":"2012-01-29T12:08:08","guid":{"rendered":"http:\/\/www.lifecards.com.br\/?page_id=145"},"modified":"2017-05-03T13:57:58","modified_gmt":"2017-05-03T13:57:58","slug":"seja-cliente-lifecard","status":"publish","type":"page","link":"https:\/\/www.lifecards.com.br\/?page_id=145","title":{"rendered":"Seja cliente Life Card"},"content":{"rendered":"<p>Voc\u00ea empres\u00e1rio merece as vantagens que a Life Card oferece. Facilite o acesso \u00e0 sa\u00fade de seus colaboradores, ganhe agilidade na gest\u00e3o de benef\u00edcios, reduza despesas operacionais e aumente a produtividade de sua empresa. Solicite visita de nosso Consultor de Neg\u00f3cios e conhe\u00e7a mais os produtos Life Card. <\/p>\n<p>Envie e-mail para <a href=\"mailto:comercial@lifecards.com.br\" title=\"comercial@lifecards.com.br\"><strong>comercial@lifecards.com.br<\/strong><\/a> que teremos prazer em atend\u00ea-lo.<\/p>\n","protected":false},"excerpt":{"rendered":"<p>Voc\u00ea empres\u00e1rio merece as vantagens que a Life Card oferece. Facilite o acesso \u00e0 sa\u00fade de seus colaboradores, ganhe agilidade na gest\u00e3o de benef\u00edcios, reduza despesas operacionais e aumente a produtividade de sua empresa. Solicite visita de nosso Consultor de &hellip; <a href=\"https:\/\/www.lifecards.com.br\/?page_id=145\">Continue lendo <span class=\"meta-nav\">&rarr;<\/span><\/a><\/p>\n","protected":false},"author":1,"featured_media":0,"parent":139,"menu_order":0,"comment_status":"closed","ping_status":"open","template":"","meta":{"footnotes":""},"_links":{"self":[{"href":"https:\/\/www.lifecards.com.br\/index.php?rest_route=\/wp\/v2\/pages\/145"}],"collection":[{"href":"https:\/\/www.lifecards.com.br\/index.php?rest_route=\/wp\/v2\/pages"}],"about":[{"href":"https:\/\/www.lifecards.com.br\/index.php?rest_route=\/wp\/v2\/types\/page"}],"author":[{"embeddable":true,"href":"https:\/\/www.lifecards.com.br\/index.php?rest_route=\/wp\/v2\/users\/1"}],"replies":[{"embeddable":true,"href":"https:\/\/www.lifecards.com.br\/index.php?rest_route=%2Fwp%2Fv2%2Fcomments&post=145"}],"version-history":[{"count":14,"href":"https:\/\/www.lifecards.com.br\/index.php?rest_route=\/wp\/v2\/pages\/145\/revisions"}],"predecessor-version":[{"id":520,"href":"https:\/\/www.lifecards.com.br\/index.php?rest_route=\/wp\/v2\/pages\/145\/revisions\/520"}],"up":[{"embeddable":true,"href":"https:\/\/www.lifecards.com.br\/index.php?rest_route=\/wp\/v2\/pages\/139"}],"wp:attachment":[{"href":"https:\/\/www.lifecards.com.br\/index.php?rest_route=%2Fwp%2Fv2%2Fmedia&parent=145"}],"curies":[{"name":"wp","href":"https:\/\/api.w.org\/{rel}","templated":true}]}}